{"id":2284,"date":"2024-08-23T08:45:16","date_gmt":"2024-08-22T20:45:16","guid":{"rendered":"http:\/\/www.edmundrice.org.nz\/?page_id=2284"},"modified":"2024-08-27T14:14:46","modified_gmt":"2024-08-27T02:14:46","slug":"bios-abtracts","status":"publish","type":"page","link":"http:\/\/www.edmundrice.org.nz\/?page_id=2284","title":{"rendered":"BIOS &amp; ABTRACTS"},"content":{"rendered":"\n<p class=\"has-text-align-right\"><strong><a class=\"maxbutton-51 maxbutton maxbutton-keynote-2024\" rel=\"nofollow noopener\" href=\"http:\/\/www.edmundrice.org.nz\/?page_id=2165\"><span class='mb-text'>Presenters<\/span><\/a><\/strong><\/p>\n\n\n\n<p><strong>BR RICHARD WALSH<\/strong><br>Saturday morning<\/p>\n\n\n\n<p>BIO<br>Richard Walsh is a Christian Brother who was born in Dunedin. An old boy of the St Paul\u2019s Hgh School Dunedin, he joined the Christian Brothers, trained in Melbourne, and then taught in Christchurch and Dunedin for many years at what is now Trinity Catholic College. Following a passion for spirituality, he undertook a year-long spiritual formators course in Dublin. After a time as principal at St Thomas of Canterbury, in 2000, he was invited to head the Edmund Rice Spirituality Centre in Lusaka until again he was invited to be the Province Leader of the newly formed Christian Brothers Africa Province. In 2014 Richard was elected to the Christian Brothers Congregation  Leadership team based in Rome and in 2021 returned to Christchurch.<\/p>\n\n\n\n<p>ABSTRACT<br>The Buddhist monk Thich Nhat Hanh wrote:<\/p>\n\n\n\n<p><em>&#8220;To create fundamental change, we, the members of society, have to transform ourselves. If we want real peace, we have to demonstrate our love and understanding so that those responsible for making decisions can learn from us.&#8221;<\/em><\/p>\n\n\n\n<p>Mahatma Gandhi said:<em>&nbsp;Be the&nbsp;<\/em>change<em>&nbsp;you want to see in the world.<\/em><\/p>\n\n\n\n<p>Jesus of Nazareth said (more or less):&nbsp;<em>&nbsp;Metanoia&#8230;.have a change of mindset and heart set in order to be open to the newness of the Good News. A new kingdom is at hand. A fundamentally new paradigm is on the way.<\/em><\/p>\n\n\n\n<p>Pope Francis has said,&nbsp;<em>&#8216;We are living not in an epoch of change, but a change of epoch.&#8217;&nbsp; &nbsp;<\/em><\/p>\n\n\n\n<p>In his book The God Shift, Adrian Smith wrote:<em>&nbsp;In all aspects of life &#8211; scientific, sociological, political, cultural, ethical, psychological- we no longer express ourselves nor understand our world as our parents did. Yet we are expected to believe in and worship a God with concepts that have remained unchanged from the Middle Ages. Hence the sense of unreality about God, about religion, about the Church experienced by many Christains today.<\/em><\/p>\n\n\n\n<p>What does this mean for humanity&#8230;.for religious\/spiritual people&#8230;.for those inspired by Edmund Rice&#8230;for me?<\/p>\n\n\n\n<p>This session will introduce consideration of the issues around the personal transformation to which we are called as disciples of Jesus and followers of Edmund Rice. What is it to go beyond charity to justice and beyond justice to mysticism which leads to working for justice and acts of charity?<\/p>\n\n\n\n<p><strong>SIR MARK SOLOMON<\/strong><br>Saturday afternoon<\/p>\n\n\n\n<p>BIO<br>T\u0101 Mark Solomon was born and raised in Christchurch where he lives<br>with his wife Maria, their children, and extended wh\u0101nau. T\u0101 Mark served as Kaiwhakahaere (chairperson) of Te R\u016bnanga o Ng\u0101i Tahu, the tribal council of Ng\u0101i Tahu, for approximately 18 years, from 1998 until December 2016. In 2013, he was recognised as Knight Companion of the New Zealand Order of Merit for services to M\u0101ori and Business. He was previously deputy Chair of the Canterbury District Health Board, and is also founding Chairman of the M\u0101ori Carbon Collective.<br><br>He is on Te Pukotahitanga, The M\u0101ori advisory group to the Government\u2019s joint venture on family violence and sexual violence. T\u0101 Mark has been a strong advocate in Te Waipounamu for T\u016b Pono: Te Mana Kaha o te Wh\u0101nau, a wh\u0101nau-driven movement that has a focus on exploring ways of enabling a stronger M\u0101ori response to reduce and eliminate family harm\/violence. More recently he was appointed to the steering group who provided advice for the establishment of the M\u0101ori Health Authority.<\/p>\n\n\n\n<p>ABSTRACT<\/p>\n\n\n\n<p class=\"has-text-align-right\"><strong><a class=\"maxbutton-51 maxbutton maxbutton-keynote-2024\" rel=\"nofollow noopener\" href=\"http:\/\/www.edmundrice.org.nz\/?page_id=2165\"><span class='mb-text'>Presenters<\/span><\/a><\/strong><\/p>\n\n\n\n<p><strong>SONYA VUNI &amp; VERONICA FOUHY MULLIN<\/strong> <br>The Man, The Mission\u2026 or The Museum? The legacy of Edmund Rice today<br>Sunday morning<\/p>\n\n\n\n<p>BIO<br><\/p>\n\n\n\n<p>Veronica is Assistant Director of Religious Studies at St Peter\u2019s College, Auckland. She has been teaching Theology for 20 years in both secondary and tertiary education across the country.<\/p>\n\n\n\n<p>Veronica was first introduced to the Edmund Rice Network on the India Immersion School trip with St Peter\u2019s College in 1998. Since then, she has completed volunteering stints with the Christian Brothers in Dili, East Timor, and Arusha, Tanzania, working and living in their communities. In her spare time, Veronica is working towards her Doctorate of Ministry investigating the efficacy of including te ao M\u0101ori in Catholic secondary student leadership formation.<\/p>\n\n\n\n<p>ABSTRACT<\/p>\n\n\n\n<p><strong>MILLICENT KAVENAGH<\/strong><br>\u201cCharity seeks to calm things down, advocacy seeks to stir things up.\u201d<br>Sunday morning (student session)<\/p>\n\n\n\n<p>BIO<br>Millicent is a member of the Formation Team and the Advocacy Coordinator at the Edmund Rice Oceania Province. She is a passionate educator and advocate, having worked as a teacher in Edmund Rice schools, and with experience in the development of social justice curriculum in the classroom. With a Master of Education specialising in Equity, Diversity and Social Change, Millicent is passionate about advocating for an equitable and just society. Millicent\u2019s role in Formation allows her to be able to connect and share with a wide network of people who work together under the values of presence, compassion and liberation.<\/p>\n\n\n\n<p>ABSTRACT<br>Millicent\u2019s workshop is an introduction to Human Rights, the Sustainable Development Goals and the work of Edmund Rice International at the United Nations. We will consider how we can include rights-based advocacy in our education and our personal lives and shift the work that we currently do from charitable response to a rights-based response; developing our own justice mindsets.<\/p>\n\n\n\n<p class=\"has-text-align-right\"><strong><a class=\"maxbutton-51 maxbutton maxbutton-keynote-2024\" rel=\"nofollow noopener\" href=\"http:\/\/www.edmundrice.org.nz\/?page_id=2165\"><span class='mb-text'>Presenters<\/span><\/a><\/strong><\/p>\n","protected":false},"excerpt":{"rendered":"<p>BR RICHARD WALSHSaturday morning BIORichard Walsh is a Christian Brother who was born in Dunedin. An old boy of the St Paul\u2019s Hgh School Dunedin, he joined the Christian Brothers, trained in Melbourne, and then taught in Christchurch and Dunedin for many years at what is now Trinity Catholic College. Following a passion for spirituality, &hellip; <a href=\"http:\/\/www.edmundrice.org.nz\/?page_id=2284\" class=\"more-link\">Continue reading <span class=\"screen-reader-text\">BIOS &amp; ABTRACTS<\/span> <span class=\"meta-nav\">&rarr;<\/span><\/a><\/p>\n","protected":false},"author":1,"featured_media":0,"parent":0,"menu_order":0,"comment_status":"closed","ping_status":"closed","template":"","meta":{"footnotes":""},"_links":{"self":[{"href":"http:\/\/www.edmundrice.org.nz\/index.php?rest_route=\/wp\/v2\/pages\/2284"}],"collection":[{"href":"http:\/\/www.edmundrice.org.nz\/index.php?rest_route=\/wp\/v2\/pages"}],"about":[{"href":"http:\/\/www.edmundrice.org.nz\/index.php?rest_route=\/wp\/v2\/types\/page"}],"author":[{"embeddable":true,"href":"http:\/\/www.edmundrice.org.nz\/index.php?rest_route=\/wp\/v2\/users\/1"}],"replies":[{"embeddable":true,"href":"http:\/\/www.edmundrice.org.nz\/index.php?rest_route=%2Fwp%2Fv2%2Fcomments&post=2284"}],"version-history":[{"count":16,"href":"http:\/\/www.edmundrice.org.nz\/index.php?rest_route=\/wp\/v2\/pages\/2284\/revisions"}],"predecessor-version":[{"id":2358,"href":"http:\/\/www.edmundrice.org.nz\/index.php?rest_route=\/wp\/v2\/pages\/2284\/revisions\/2358"}],"wp:attachment":[{"href":"http:\/\/www.edmundrice.org.nz\/index.php?rest_route=%2Fwp%2Fv2%2Fmedia&parent=2284"}],"curies":[{"name":"wp","href":"https:\/\/api.w.org\/{rel}","templated":true}]}}